{"id":72605,"date":"2023-09-07T23:01:31","date_gmt":"2023-09-07T23:01:31","guid":{"rendered":"https:\/\/dansamontserrat.com\/?page_id=72605"},"modified":"2023-09-07T23:02:36","modified_gmt":"2023-09-07T23:02:36","slug":"aviso-legal","status":"publish","type":"page","link":"https:\/\/dansamontserrat.com\/ca\/aviso-legal\/","title":{"rendered":"Aviso legal"},"content":{"rendered":"<p>[et_pb_section fb_built=\u00bb1&#8243; custom_padding_last_edited=\u00bbon|phone\u00bb _builder_version=\u00bb4.21.0&#8243; _module_preset=\u00bbdefault\u00bb custom_padding=\u00bb120px||80px||false|false\u00bb custom_padding_tablet=\u00bb120px||80px||false|false\u00bb custom_padding_phone=\u00bb84px||80px||false|false\u00bb global_colors_info=\u00bb{}\u00bb][et_pb_row _builder_version=\u00bb4.21.0&#8243; _module_preset=\u00bbdefault\u00bb global_colors_info=\u00bb{}\u00bb][et_pb_column type=\u00bb4_4&#8243; _builder_version=\u00bb4.21.0&#8243; _module_preset=\u00bbdefault\u00bb global_colors_info=\u00bb{}\u00bb][et_pb_text _builder_version=\u00bb4.21.0&#8243; _module_preset=\u00bbdefault\u00bb text_font=\u00bbMontserrat||||||||\u00bb text_text_color=\u00bb#300060&#8243; text_font_size=\u00bb16px\u00bb hover_enabled=\u00bb0&#8243; global_colors_info=\u00bb{}\u00bb sticky_enabled=\u00bb0&#8243; header_font=\u00bbMontserrat|700|||||||\u00bb header_text_color=\u00bb#300060&#8243;]<\/p>\n<h1 class=\"cookie-policy-h1\">Av\u00eds legal<\/h1>\n<p><strong>OBJECTE<\/strong><\/p>\n<p>El present av\u00eds legal regula l&#8217;\u00fas i utilitzaci\u00f3 del lloc web dansamontserrat.com del qual \u00e9s titular MONTSERRAT CARLES GARAU.<\/p>\n<p>La navegaci\u00f3 pel lloc web li atribueix la condici\u00f3 d&#8217;USUARI d&#8217;aquest i comporta la seva acceptaci\u00f3 plena i sense reserves de totes i cadascuna de les condicions publicades en aquest av\u00eds legal, advertint que aquestes condicions poden ser modificades sense notificaci\u00f3 pr\u00e8via per part de MONTSERRAT CARLES GARAU en aquest cas es procedir\u00e0 a la seva publicaci\u00f3 i av\u00eds amb la m\u00e0xima antelaci\u00f3 possible.<\/p>\n<p>Per aix\u00f2 \u00e9s recomanable llegir amb atenci\u00f3 el contingut en cas de desitjar accedir i fer \u00fas de la informaci\u00f3 i dels serveis oferts des d&#8217;aquest lloc web.<\/p>\n<p>L&#8217;usuari, a m\u00e9s, s&#8217;obliga a fer un \u00fas correcte del lloc web de conformitat amb les lleis, la bona fe, l&#8217;ordre p\u00fablic, els usos del tr\u00e0fic i el present Av\u00eds Legal, i respondr\u00e0 davant MONTSERRAT CARLES GARAU o davant de tercers, de qualssevol danys i perjudicis que poguessin causar com a conseq\u00fc\u00e8ncia de l&#8217;incompliment d&#8217;aquesta obligaci\u00f3.<\/p>\n<p>Qualsevol utilitzaci\u00f3 diferent de l&#8217;autoritzada est\u00e0 expressament prohibida, i pot MONTSERRAT CARLES GARAU denegar o retirar l&#8217;acc\u00e9s i el seu \u00fas en qualsevol moment.<\/p>\n<ol>\n<li><strong> <\/strong><strong>IDENTIFICACI\u00d3<\/strong><\/li>\n<\/ol>\n<p>MONTSERRAT CARLES GARAU en compliment de la Llei 34\/2002, de 11 de juliol, de Serveis de la Societat de la Informaci\u00f3 i de Comer\u00e7 Electr\u00f2nic, l&#8217;informa que:<\/p>\n<ul>\n<li>La seva denominaci\u00f3 social \u00e9s: MONTSERRAT CARLES GARAU<\/li>\n<li>El seu nom comercial \u00e9s: ESTUDI DANSA MONTSERRAT<\/li>\n<li>El seu CIF \u00e9s: 46336744R<\/li>\n<li>El seu domicili social est\u00e0 en: BLOQUE COLL DE LILLA,ESC C,ETL, 43007 TARRAGONA \u2013 TARRAGONA<\/li>\n<\/ul>\n<p>&nbsp;<\/p>\n<ol start=\"2\">\n<li><strong> <\/strong><strong>COMUNICACIONS<\/strong><\/li>\n<\/ol>\n<p>Per comunicar-se amb nosaltres, posem a la seva disposici\u00f3 diferents mitjans de contacte que detallem a continuaci\u00f3:<\/p>\n<ul>\n<li>Tel: 607788295<\/li>\n<li>Correu electr\u00f2nic: dansamontserrat@gmail.com<\/li>\n<li>Adre\u00e7a postal: BLOQUE COLL DE LILLA,ESC C,ETL, 43007 TARRAGONA \u2013 TARRAGONA<\/li>\n<\/ul>\n<p>&nbsp;<\/p>\n<p>Totes les notificacions i comunicacions entre els usuaris i ESTUDI DANSA MONTSERRAT es consideraran efica\u00e7os, a tots els efectes, quan es realitzin a trav\u00e9s de qualsevol mitj\u00e0 dels detallats anteriorment.<\/p>\n<p>&nbsp;<\/p>\n<ol start=\"3\">\n<li><strong> <\/strong><strong>CONDICIONS D&#8217;ACC\u00c9S I UTILITZACI\u00d3<\/strong><\/li>\n<\/ol>\n<p>El lloc web i els seus informacions s\u00f3n d&#8217;acc\u00e9s lliure i gratu\u00eft. No obstant aix\u00f2, ESTUDI DANSA MONTSERRAT pot condicionar la utilitzaci\u00f3 d&#8217;alguns dels serveis oferts a la seva web a la pr\u00e8via formalitzaci\u00f3 del corresponent contracte de prestaci\u00f3 de serveis sota llic\u00e8ncies.<\/p>\n<p>L&#8217;usuari garanteix l&#8217;autenticitat i actualitat de totes aquelles dades que comuniqui a ESTUDI DANSA MONTSERRAT i ser\u00e0 l&#8217;\u00fanic responsable de les manifestacions falses o inexactes que realitzi.<\/p>\n<p>L&#8217;usuari es compromet expressament a fer un \u00fas adequat dels continguts i serveis de ESTUDI DANSA MONTSERRAT i a no emprar-los per, entre d&#8217;altres:<\/p>\n<ol>\n<li><strong><\/strong> Difondre continguts delictius, violents, pornogr\u00e0fics, racistes, xen\u00f2fobs, ofensius, d&#8217;apologia del terrorisme o, en general, contraris a la llei o a l&#8217;ordre p\u00fablic.<\/li>\n<li><strong><\/strong> Introduir a la xarxa virus inform\u00e0tics o realitzar actuacions susceptibles d&#8217;alterar, espatllar, interrompre o generar errors o danys en els documents electr\u00f2nics, dades o sistemes f\u00edsics i l\u00f2gics de MONTSERRAT CARLES GARAU o de terceres persones; aix\u00ed com obstaculitzar l&#8217;acc\u00e9s d&#8217;altres usuaris al lloc web i als seus serveis mitjan\u00e7ant el consum massiu dels recursos inform\u00e0tics a trav\u00e9s dels quals ESTUDI DANSA MONTSERRAT presta els seus serveis.<\/li>\n<li><strong><\/strong> Intentar accedir als comptes de correu electr\u00f2nic d&#8217;altres usuaris o a \u00e0rees restringides dels sistemes inform\u00e0tics de ESTUDI DANSA MONTSERRAT o de tercers i, si s&#8217;escau, extreure informaci\u00f3.<\/li>\n<li><strong><\/strong> Vulnerar els drets de propietat intel\u00b7lectual o industrial, aix\u00ed com violar la confidencialitat de la informaci\u00f3 de ESTUDI DANSA MONTSERRAT o de tercers.<\/li>\n<li><strong><\/strong> Suplantar la identitat de qualsevol altre usuari.<\/li>\n<li><strong><\/strong> Reproduir, copiar, distribuir, posar a disposici\u00f3 de, ESTUDI DANSA MONTSERRAT o qualsevol altra forma de comunicaci\u00f3 p\u00fablica, transformar o modificar els continguts, llevat que es compti amb l&#8217;autoritzaci\u00f3 del titular dels corresponents drets o aix\u00f2 resulti legalment perm\u00e8s.<\/li>\n<li><strong><\/strong> Demanar dades amb finalitat publicit\u00e0ria i de remetre publicitat de qualsevol classe i comunicacions amb fins de venda o altres de naturalesa comercial sense que n&#8217;hi hagi la pr\u00e8via sol\u00b7licitud o consentiment.<\/li>\n<\/ol>\n<p>Tots els continguts del lloc web, com ara textos, fotografies, gr\u00e0fics, imatges, icones, tecnologia, programari, aix\u00ed com el seu disseny gr\u00e0fic i codis font, constitueixen una obra la propietat pertany a ESTUDI DANSA MONTSERRAT sense que puguin entendre cedits a l&#8217;usuari cap dels drets d&#8217;explotaci\u00f3 sobre els mateixos m\u00e9s enll\u00e0 de l&#8217;estrictament necessari per al correcte \u00fas del web.<\/p>\n<p>En definitiva, els usuaris que accedeixin a aquest lloc web poden visualitzar els continguts i efectuar, si escau, c\u00f2pies privades autoritzades sempre que els elements reprodu\u00efts no siguin cedits posteriorment a tercers, ni s&#8217;instal\u00b7lin a servidors connectats a xarxes, ni siguin objecte de cap tipus d&#8217;explotaci\u00f3.<\/p>\n<p>Aix\u00ed mateix, totes les marques, noms comercials o signes distintius de qualsevol classe que apareixen al lloc web s\u00f3n propietat de ESTUDI DANSA MONTSERRAT, sense que pugui entendre que l&#8217;\u00fas o acc\u00e9s al mateix atribueixi a l&#8217;usuari cap dret sobre els mateixos.<\/p>\n<p>La distribuci\u00f3, modificaci\u00f3, cessi\u00f3 o comunicaci\u00f3 p\u00fablica dels continguts i qualsevol altre acte que no hagi estat expressament autoritzat pel titular dels drets d&#8217;explotaci\u00f3 queden prohibits.<\/p>\n<p>L&#8217;establiment d&#8217;un hiperenlla\u00e7 no implica en cap cas l&#8217;exist\u00e8ncia de relacions entre ESTUDI DANSA MONTSERRAT i el propietari del lloc web en la qual s&#8217;estableixi, ni l&#8217;acceptaci\u00f3 i aprovaci\u00f3 per part de ESTUDI DANSA MONTSERRAT dels seus continguts o serveis.<\/p>\n<p>ESTUDI DANSA MONTSERRAT no es responsabilitza de l&#8217;\u00fas que cada usuari els doni als materials posats a disposici\u00f3 en aquest lloc web ni de les actuacions que realitzi en base als mateixos.<\/p>\n<p>&nbsp;<\/p>\n<p><strong>3.1 EXCLUSI\u00d3 DE RESPOSABILIDAD EN L&#8217;ACC\u00c9S I LA UTILITZACI\u00d3 DE LA WEB<\/strong><\/p>\n<p>El propietari de la web exclou qualsevol responsabilitat relacionada amb la disponibilitat, fiabilitat i continu\u00eftat del lloc web, encara que sempre intent\u00e9s restablir com m\u00e9s aviat millor la interrupci\u00f3 i en la mesura de les seves possibilitats disposar de mitjans alternatius.<\/p>\n<p>ESTUDI DANSA MONTSERRAT exclou, fins on permet l&#8217;ordenament jur\u00eddic, qualsevol responsabilitat pels danys i perjudicis de tota naturalesa derivats de:<\/p>\n<ol>\n<li>La impossibilitat d&#8217;acc\u00e9s al lloc web o la falta de veracitat, exactitud, exhaustivitat i \/ o actualitat dels continguts, aix\u00ed com l&#8217;exist\u00e8ncia de vicis i defectes de tota classe dels continguts transmesos, difosos, emmagatzemats, posats a disposici\u00f3, als quals s&#8217;hagi accedit a trav\u00e9s del lloc web o dels serveis que s&#8217;ofereixen.<\/li>\n<li>La pres\u00e8ncia de virus o d&#8217;altres elements en els continguts que puguin produir alteracions en els sistemes inform\u00e0tics, documents electr\u00f2nics o dades dels usuaris.<\/li>\n<li>L&#8217;incompliment de les lleis, la bona fe, l&#8217;ordre p\u00fablic, els usos del tr\u00e0fic i el present av\u00eds legal com a conseq\u00fc\u00e8ncia de l&#8217;\u00fas incorrecte del lloc web. En particular, i a manera d&#8217;exemple, MONTSERRAT CARLES GARAU no es fa responsable de les actuacions de tercers que vulnerin drets de propietat intel\u00b7lectual i industrial, secrets empresarials, drets a l&#8217;honor, a la intimitat personal i familiar i a la pr\u00f2pia imatge, aix\u00ed com la normativa en mat\u00e8ria de compet\u00e8ncia deslleial i publicitat il\u00b7l\u00edcita.<\/li>\n<\/ol>\n<p>Aix\u00ed mateix, ESTUDI DANSA MONTSERRAT declina qualsevol responsabilitat respecte a la informaci\u00f3 que es trobi fora d&#8217;aquesta web i no sigui gestionada directament pel nostre webmaster. La funci\u00f3 dels links que apareixen en aquesta web \u00e9s exclusivament la d&#8217;informar l&#8217;usuari sobre l&#8217;exist\u00e8ncia d&#8217;altres fonts susceptibles d&#8217;ampliar els continguts que ofereix aquest lloc web. dansamontserrat.com no garanteix ni es responsabilitza del funcionament o accessibilitat dels llocs enlla\u00e7ats; ni suggereix, convida o recomana la visita als mateixos, de manera que tampoc ser\u00e0 responsable del resultat obtingut. MONTSERRAT CARLES GARAU no es responsabilitza de l&#8217;establiment d\u2019hiperv\u00edncles per part de tercers.<\/p>\n<p>&nbsp;<\/p>\n<p><strong>3.2 PROCEDIMENT EN CAS DE REALITZACI\u00d3 D&#8217;ACTIVITATS DE CAR\u00c0CTER IL\u00b7L\u00cdCIT<\/strong><\/p>\n<p>En el cas que qualsevol usuari o un tercer consideri que existeixen fets o circumst\u00e0ncies que revelin el car\u00e0cter il\u00b7l\u00edcit de la utilitzaci\u00f3 de qualsevol contingut i \/ o de la realitzaci\u00f3 de qualsevol activitat en les p\u00e0gines web incloses o accessibles a trav\u00e9s del lloc web, haur\u00e0 enviar una notificaci\u00f3 a ESTUDI DANSA MONTSERRAT identificant-se degudament i especificant les suposades infraccions.<\/p>\n<p><strong>\u00a0<\/strong><\/p>\n<p><strong>3.3 PUBLICACIONS<\/strong><\/p>\n<p>La informaci\u00f3 administrativa facilitada a trav\u00e9s del lloc web no substitueix la publicitat legal de les lleis, normatives, plans, disposicions generals i actes que hagin de ser publicats formalment als diaris oficials de les administracions p\u00fabliques, que constitueixen l&#8217;\u00fanic instrument que d\u00f3na fe de la seva autenticitat i contingut. La informaci\u00f3 disponible en aquest lloc web s&#8217;ha d&#8217;entendre com una guia sense prop\u00f2sit de validesa legal.<\/p>\n<p>&nbsp;<\/p>\n<ol start=\"4\">\n<li><strong> <\/strong><strong>POL\u00cdTICA DE PRIVACITAT<\/strong><\/li>\n<\/ol>\n<p>&nbsp;<\/p>\n<p><strong>4.1 Informaci\u00f3 b\u00e0sica sobre Protecci\u00f3 de Dades<\/strong><\/p>\n<p>Responsable: MONTSERRAT CARLES GARAU<\/p>\n<p>Finalitat: Prestar els serveis sol\u00b7licitats, mantenir comunicacions per a la consecuci\u00f3 d&#8217;aquests i mantenir-lo informat sobre la nostra activitat en general.<\/p>\n<p>Legitimaci\u00f3: Execuci\u00f3 d&#8217;un contracte. Consentiment de l&#8217;interessat.<\/p>\n<p>Destinataris: No es cediran dades a tercers, excepte obligaci\u00f3 legal.<\/p>\n<p>Drets: T\u00e9 dret a accedir, rectificar i suprimir les dades, aix\u00ed com altres drets indicats en la informaci\u00f3 addicional, que pot exercir dirigint-se a la direcci\u00f3 dansamontserrat@gmail.com.<\/p>\n<p>&nbsp;<\/p>\n<p><strong>4.2. Informaci\u00f3 addicional sobre protecci\u00f3 de dades<\/strong><\/p>\n<p>&nbsp;<\/p>\n<p><strong>Qui \u00e9s el responsable del tractament de les seves dades?<\/strong><\/p>\n<p>Identitat: MONTSERRAT CARLES GARAU &#8211; NIF: 46336744R &#8211; Adre\u00e7a postal: BLOQUE COLL DE LILLA,ESC C,ETL, 43007 TARRAGONA \u2013 TARRAGONA \u00a0Tel\u00e8fon: 607788295 &#8211; Correu electr\u00f2nic: dansamontserrat@gmail.com<\/p>\n<p>&nbsp;<\/p>\n<p>&nbsp;<\/p>\n<p><strong>Amb quina finalitat tractem les seves dades personals?<\/strong><\/p>\n<p>En MONTSERRAT CARLES GARAU tractem la informaci\u00f3 que ens faciliten les persones interessades per tal de prestar-li els serveis concertats, realitzar la gesti\u00f3 administrativa, comptable i fiscal dels serveis sol\u00b7licitats, mantenir comunicacions a prop dels mateixos, aix\u00ed com l&#8217;enviament de comunicacions inclusivament per correu electr\u00f2nic, per mantenir-lo informat sobre la nostra activitat en general.<\/p>\n<p>&nbsp;<\/p>\n<p>&nbsp;<\/p>\n<p><strong>Per quant de temps conservarem les seves dades?<\/strong><\/p>\n<p>Les dades es conservaran mentre no sol\u00b7liciti la seva supressi\u00f3, i en qualsevol cas, durant els anys necessaris per complir amb les obligacions legals.<\/p>\n<p><strong>\u00a0<\/strong><\/p>\n<p><strong>Quina \u00e9s la legitimaci\u00f3 per al tractament de les seves dades?<\/strong><\/p>\n<p>Li vam indicar la base legal per al tractament de les seves dades:<\/p>\n<ul>\n<li>Execuci\u00f3 d&#8217;un contracte: Prestaci\u00f3 dels serveis sol\u00b7licitats<\/li>\n<li>Consentiment de l&#8217;interessat: Enviament de comunicacions comercials sobre la nostra activitat en general.<\/li>\n<\/ul>\n<p>&nbsp;<\/p>\n<p><strong>A qu\u00e8 destinataris es comunicaran les seves dades?<\/strong><\/p>\n<p>No se cediran dades a tercers, excepte obligaci\u00f3 legal.<\/p>\n<p>&nbsp;<\/p>\n<p>&nbsp;<\/p>\n<p><strong>\u00bfTransfer\u00e8ncies de dades a tercers pa\u00efsos?<\/strong><\/p>\n<p>No estan previstes transfer\u00e8ncies de dades a tercers pa\u00efsos.<\/p>\n<p>&nbsp;<\/p>\n<p>&nbsp;<\/p>\n<p><strong>Quins s\u00f3n els seus drets quan ens facilita les seves dades?<\/strong><\/p>\n<p>Qualsevol persona t\u00e9 dret a obtenir confirmaci\u00f3 sobre si en MONTSERRAT CARLES GARAU estem tractant dades personals que els concerneixin, o no.<\/p>\n<p>Les persones interessades tenen dret a accedir a les seves dades personals, aix\u00ed com a sol\u00b7licitar la rectificaci\u00f3 de les dades inexactes o, si escau, sol\u00b7licitar la seva supressi\u00f3 quan, entre d&#8217;altres motius, les dades ja no siguin necessaris per als fins que van ser recollides.<\/p>\n<p>En determinades circumst\u00e0ncies, els interessats podran sol\u00b7licitar la limitaci\u00f3 del tractament de les seves dades, en aquest cas \u00fanicament els conservarem per a l&#8217;exercici o la defensa de reclamacions. Aix\u00ed mateix, en els sup\u00f2sits legalment establerts, tindr\u00e0 dret a la portabilitat de les seves dades personals.<\/p>\n<p>En determinades circumst\u00e0ncies i per motius relacionats amb la seva situaci\u00f3 particular, els interessats podran oposar-se al tractament de les seves dades. En aquest cas MONTSERRAT CARLES GARAU deixar\u00e0 de tractar les dades, excepte per motius leg\u00edtims imperiosos, o l&#8217;exercici o la defensa de possibles reclamacions.<\/p>\n<p>Vost\u00e8 podr\u00e0 exercir materialment els seus drets de la seg\u00fcent manera:<\/p>\n<p>enviant un correu electr\u00f2nic a dansamontserrat@gmail.com o una carta a BLOQUE COLL DE LILLA,ESC C,ETL, 43007 TARRAGONA \u2013 TARRAGONA<\/p>\n<p>Si ha atorgat el seu consentiment per a alguna finalitat concreta, t\u00e9 dret a retirar el consentiment atorgat en qualsevol moment, sense que aix\u00f2 afecti la licitud del tractament basat en el consentiment previ a la seva retirada.<\/p>\n<p>En cas que senti vulnerats els seus drets pel que fa a la protecci\u00f3 de les seves dades personals, especialment quan no hagi obtingut satisfacci\u00f3 en l&#8217;exercici dels seus drets, pot presentar una reclamaci\u00f3 davant l&#8217;Autoritat de Control en mat\u00e8ria de protecci\u00f3 de dades competent a trav\u00e9s del seu lloc web: <span><a href=\"http:\/\/www.agpd.es\" target=\"_blank\" rel=\"noopener\">www.agpd.es<\/a><\/span><\/p>\n<p><span>\u00a0<\/span><\/p>\n<p><span>\u00a0<\/span><\/p>\n<p>[\/et_pb_text][\/et_pb_column][\/et_pb_row][\/et_pb_section]<\/p>\n","protected":false},"excerpt":{"rendered":"<p>Av\u00eds legal OBJECTE El present av\u00eds legal regula l&#8217;\u00fas i utilitzaci\u00f3 del lloc web dansamontserrat.com del qual \u00e9s titular MONTSERRAT CARLES GARAU. La navegaci\u00f3 pel lloc web li atribueix la condici\u00f3 d&#8217;USUARI d&#8217;aquest i comporta la seva acceptaci\u00f3 plena i sense reserves de totes i cadascuna de les condicions publicades en aquest av\u00eds legal, advertint [&hellip;]<\/p>\n","protected":false},"author":1,"featured_media":0,"parent":0,"menu_order":0,"comment_status":"closed","ping_status":"closed","template":"","meta":{"_acf_changed":false,"_et_pb_use_builder":"on","_et_pb_old_content":"","_et_gb_content_width":"","footnotes":""},"dipi_cpt_category":[],"class_list":["post-72605","page","type-page","status-publish","hentry"],"acf":[],"_links":{"self":[{"href":"https:\/\/dansamontserrat.com\/ca\/wp-json\/wp\/v2\/pages\/72605","targetHints":{"allow":["GET"]}}],"collection":[{"href":"https:\/\/dansamontserrat.com\/ca\/wp-json\/wp\/v2\/pages"}],"about":[{"href":"https:\/\/dansamontserrat.com\/ca\/wp-json\/wp\/v2\/types\/page"}],"author":[{"embeddable":true,"href":"https:\/\/dansamontserrat.com\/ca\/wp-json\/wp\/v2\/users\/1"}],"replies":[{"embeddable":true,"href":"https:\/\/dansamontserrat.com\/ca\/wp-json\/wp\/v2\/comments?post=72605"}],"version-history":[{"count":2,"href":"https:\/\/dansamontserrat.com\/ca\/wp-json\/wp\/v2\/pages\/72605\/revisions"}],"predecessor-version":[{"id":72608,"href":"https:\/\/dansamontserrat.com\/ca\/wp-json\/wp\/v2\/pages\/72605\/revisions\/72608"}],"wp:attachment":[{"href":"https:\/\/dansamontserrat.com\/ca\/wp-json\/wp\/v2\/media?parent=72605"}],"wp:term":[{"taxonomy":"dipi_cpt_category","embeddable":true,"href":"https:\/\/dansamontserrat.com\/ca\/wp-json\/wp\/v2\/dipi_cpt_category?post=72605"}],"curies":[{"name":"wp","href":"https:\/\/api.w.org\/{rel}","templated":true}]}}