{"id":52,"date":"2023-05-26T19:06:08","date_gmt":"2023-05-26T19:06:08","guid":{"rendered":"https:\/\/quirky-joliot.82-223-217-119.plesk.page\/?page_id=52"},"modified":"2023-06-20T04:16:53","modified_gmt":"2023-06-20T04:16:53","slug":"blog","status":"publish","type":"page","link":"https:\/\/dansamontserrat.com\/ca\/blog\/","title":{"rendered":"Blog"},"content":{"rendered":"<p>[et_pb_section fb_built=\u00bb1&#8243; custom_padding_last_edited=\u00bbon|phone\u00bb _builder_version=\u00bb4.21.0&#8243; _module_preset=\u00bbdefault\u00bb custom_margin=\u00bb||||false|false\u00bb custom_padding=\u00bb135px||||false|false\u00bb custom_padding_tablet=\u00bb180px||||false|false\u00bb custom_padding_phone=\u00bb20px||||false|false\u00bb hover_enabled=\u00bb0&#8243; global_colors_info=\u00bb{}\u00bb sticky_enabled=\u00bb0&#8243;][et_pb_row _builder_version=\u00bb4.21.0&#8243; _module_preset=\u00bbdefault\u00bb max_width=\u00bb100%\u00bb module_alignment=\u00bbcenter\u00bb hover_enabled=\u00bb0&#8243; sticky_enabled=\u00bb0&#8243; column_structure=\u00bb1_2,1_2&#8243; make_equal=\u00bbon\u00bb use_custom_gutter=\u00bbon\u00bb gutter_width=\u00bb2&#8243;][et_pb_column _builder_version=\u00bb4.21.0&#8243; _module_preset=\u00bbdefault\u00bb type=\u00bb1_2&#8243;][et_pb_text _builder_version=\u00bb4.21.0&#8243; _module_preset=\u00bbdefault\u00bb text_font=\u00bbEB Garamond||||||||\u00bb text_text_color=\u00bb#300060&#8243; text_font_size=\u00bb71px\u00bb text_line_height=\u00bb1em\u00bb width_tablet=\u00bb80%\u00bb width_phone=\u00bb90%\u00bb width_last_edited=\u00bboff|desktop\u00bb module_alignment=\u00bbcenter\u00bb custom_margin=\u00bb||||false|false\u00bb custom_margin_tablet=\u00bb40px||||false|false\u00bb custom_margin_phone=\u00bb0px||0px||false|false\u00bb custom_margin_last_edited=\u00bbon|phone\u00bb hover_enabled=\u00bb0&#8243; text_font_size_tablet=\u00bb189px\u00bb text_font_size_phone=\u00bb95px\u00bb text_font_size_last_edited=\u00bbon|phone\u00bb locked=\u00bboff\u00bb global_colors_info=\u00bb{}\u00bb sticky_enabled=\u00bb0&#8243;]<\/p>\n<p>Blog<\/p>\n<p>[\/et_pb_text][\/et_pb_column][et_pb_column _builder_version=\u00bb4.21.0&#8243; _module_preset=\u00bbdefault\u00bb type=\u00bb1_2&#8243;][et_pb_search exclude_pages=\u00bbon\u00bb placeholder_color=\u00bbrgba(48,0,96,0.41)\u00bb _builder_version=\u00bb4.21.0&#8243; _module_preset=\u00bbdefault\u00bb form_field_background_color=\u00bbRGBA(255,255,255,0)\u00bb form_field_text_color=\u00bb#300060&#8243; hover_enabled=\u00bb0&#8243; global_colors_info=\u00bb{}\u00bb form_field_focus_background_color=\u00bbRGBA(255,255,255,0)\u00bb form_field_focus_text_color=\u00bb#300060&#8243; form_field_font=\u00bbMontserrat||||||||\u00bb form_field_text_align=\u00bbleft\u00bb form_field_font_size=\u00bb13px\u00bb button_color=\u00bb#65228C\u00bb button_font=\u00bbMontserrat|||on|||||\u00bb button_text_color=\u00bb#FFFFFF\u00bb button_letter_spacing=\u00bb1px\u00bb button_font_size=\u00bb13px\u00bb width=\u00bb80%\u00bb module_alignment=\u00bbcenter\u00bb border_radii=\u00bbon|5px|5px|5px|5px\u00bb custom_margin=\u00bb25px||||false|false\u00bb sticky_enabled=\u00bb0&#8243; custom_padding=\u00bb0em|0.715em|0em|0.715em|true|true\u00bb placeholder=\u00bbEscriba una palabra clave\u00bb width_last_edited=\u00bbon|phone\u00bb width_phone=\u00bb100%\u00bb width_tablet=\u00bb80%\u00bb][\/et_pb_search][\/et_pb_column][\/et_pb_row][et_pb_row _builder_version=\u00bb4.21.0&#8243; _module_preset=\u00bbdefault\u00bb width=\u00bb100%\u00bb max_width=\u00bb100%\u00bb module_alignment=\u00bbcenter\u00bb hover_enabled=\u00bb0&#8243; global_colors_info=\u00bb{}\u00bb custom_padding=\u00bb0px||||false|false\u00bb sticky_enabled=\u00bb0&#8243;][et_pb_column type=\u00bb4_4&#8243; _builder_version=\u00bb4.21.0&#8243; _module_preset=\u00bbdefault\u00bb global_colors_info=\u00bb{}\u00bb][dipi_blog_slider use_thumbnails=\u00bbon\u00bb excerpt_length=\u00bb100&#8243; show_more=\u00bbon\u00bb show_more_text=\u00bbLeer m\u00e1s\u00bb show_author=\u00bboff\u00bb date_circle_color=\u00bbrgba(48,0,96,0.69)\u00bb show_categories=\u00bboff\u00bb loop=\u00bbon\u00bb autoplay=\u00bbon\u00bb navigation=\u00bbon\u00bb pagination=\u00bbon\u00bb centered=\u00bbon\u00bb navigation_prev_icon_yn=\u00bbon\u00bb navigation_prev_icon=\u00bb&#x34;||divi||400&#8243; navigation_next_icon_yn=\u00bbon\u00bb navigation_next_icon=\u00bb&#x35;||divi||400&#8243; navigation_color=\u00bbrgba(48,0,96,0.19)\u00bb navigation_bg_color=\u00bbRGBA(255,255,255,0)\u00bb navigation_position_left=\u00bb15px\u00bb navigation_position_right=\u00bb15px\u00bb pagination_color=\u00bb#300060&#8243; pagination_active_color=\u00bb#300060&#8243; image_animation=\u00bbzoomin\u00bb item_bg_color=\u00bbrgba(200,184,221,0.24)\u00bb navigation_color_tablet=\u00bbrgba(48,0,96,0.19)\u00bb navigation_color_phone=\u00bbRGBA(255,255,255,0)\u00bb navigation_color_last_edited=\u00bbon|phone\u00bb _builder_version=\u00bb4.21.0&#8243; _module_preset=\u00bbdefault\u00bb header_font=\u00bbMontserrat|600|||||||\u00bb header_text_align=\u00bbleft\u00bb header_text_color=\u00bb#300060&#8243; header_font_size=\u00bb22px\u00bb body_font=\u00bbMontserrat||||||||\u00bb body_text_align=\u00bbleft\u00bb body_text_color=\u00bb#300060&#8243; body_font_size=\u00bb13px\u00bb date_font=\u00bbMontserrat|||on|||||\u00bb date_text_color=\u00bb#FFFFFF\u00bb custom_button=\u00bbon\u00bb button_text_size=\u00bb13px\u00bb button_text_color=\u00bb#FFFFFF\u00bb button_bg_color=\u00bb#65228C\u00bb button_border_width=\u00bb0px\u00bb button_border_color=\u00bbRGBA(255,255,255,0)\u00bb button_font=\u00bbMontserrat|||on|||||\u00bb button_icon=\u00bb&#x35;||divi||400&#8243; button_alignment=\u00bbleft\u00bb button_custom_padding=\u00bb5px||5px||true|false\u00bb border_radii_item=\u00bbon|10px|10px|10px|10px\u00bb border_radii_image=\u00bbon|10px|10px|10px|10px\u00bb global_colors_info=\u00bb{}\u00bb button_bg_color__hover_enabled=\u00bbon|desktop\u00bb button_bg_color__hover=\u00bb#300060&#8243; button_bg_enable_color__hover=\u00bbon\u00bb][\/dipi_blog_slider][\/et_pb_column][\/et_pb_row][\/et_pb_section][et_pb_section fb_built=\u00bb1&#8243; custom_padding_last_edited=\u00bbon|phone\u00bb _builder_version=\u00bb4.21.0&#8243; use_background_color_gradient=\u00bbon\u00bb background_color_gradient_stops=\u00bbrgba(101,34,140,0.95) 42%|rgba(101,34,140,0.85) 100%\u00bb background_color_gradient_overlays_image=\u00bbon\u00bb background_image=\u00bbhttps:\/\/dansamontserrat.com\/wp-content\/uploads\/2023\/06\/ballet-1.jpg\u00bb custom_padding=\u00bb100px||100px||true|false\u00bb custom_padding_tablet=\u00bb100px||100px||true|false\u00bb custom_padding_phone=\u00bb60px||60px||true|false\u00bb locked=\u00bboff\u00bb global_colors_info=\u00bb{}\u00bb][et_pb_row column_structure=\u00bb1_2,1_2&#8243; _builder_version=\u00bb4.21.0&#8243; _module_preset=\u00bbdefault\u00bb width_tablet=\u00bb\u00bb width_phone=\u00bb90%\u00bb width_last_edited=\u00bbon|phone\u00bb global_colors_info=\u00bb{}\u00bb][et_pb_column type=\u00bb1_2&#8243; _builder_version=\u00bb4.21.0&#8243; _module_preset=\u00bbdefault\u00bb global_colors_info=\u00bb{}\u00bb][et_pb_image src=\u00bbhttps:\/\/dansamontserrat.com\/wp-content\/uploads\/2023\/06\/conversacion.png\u00bb title_text=\u00bbconversacion\u00bb _builder_version=\u00bb4.21.0&#8243; _module_preset=\u00bbdefault\u00bb width=\u00bb18%\u00bb width_tablet=\u00bb18%\u00bb width_phone=\u00bb40%\u00bb width_last_edited=\u00bbon|phone\u00bb custom_margin=\u00bb-15px||||false|false\u00bb global_colors_info=\u00bb{}\u00bb][\/et_pb_image][et_pb_text _builder_version=\u00bb4.21.0&#8243; _module_preset=\u00bbdefault\u00bb text_font=\u00bbEB Garamond||||||||\u00bb text_text_color=\u00bb#FFFFFF\u00bb text_font_size=\u00bb71px\u00bb text_line_height=\u00bb0.9em\u00bb custom_margin=\u00bb8px|||||\u00bb text_font_size_tablet=\u00bb71px\u00bb text_font_size_phone=\u00bb60px\u00bb text_font_size_last_edited=\u00bbon|phone\u00bb text_line_height_tablet=\u00bb0.9em\u00bb text_line_height_phone=\u00bb0.9em\u00bb text_line_height_last_edited=\u00bbon|phone\u00bb locked=\u00bboff\u00bb global_colors_info=\u00bb{}\u00bb]<\/p>\n<p>Preguntas<br \/>frecuentes<\/p>\n<p>[\/et_pb_text][et_pb_text _builder_version=\u00bb4.21.0&#8243; _module_preset=\u00bbdefault\u00bb text_font=\u00bbMontserrat||||||||\u00bb text_text_color=\u00bb#FFFFFF\u00bb width=\u00bb90%\u00bb width_tablet=\u00bb51%\u00bb width_phone=\u00bb100%\u00bb width_last_edited=\u00bbon|phone\u00bb custom_margin=\u00bb30px||||false|false\u00bb custom_margin_tablet=\u00bb64px||||false|false\u00bb custom_margin_phone=\u00bb30px||||false|false\u00bb custom_margin_last_edited=\u00bbon|phone\u00bb locked=\u00bboff\u00bb global_colors_info=\u00bb{}\u00bb]<\/p>\n<p><span>\u00bfTienes preguntas sobre nuestra escuela de danza? Desde horarios y niveles de clases hasta oportunidades de presentaci\u00f3n, encuentra la informaci\u00f3n que necesitas para comenzar tu aventura en la danza con nosotros. Descubre todo lo que nuestra escuela de danza tiene para ofrecerte y sum\u00e9rgete en el maravilloso mundo de la danza.<\/span><\/p>\n<p>[\/et_pb_text][\/et_pb_column][et_pb_column type=\u00bb1_2&#8243; _builder_version=\u00bb4.21.0&#8243; _module_preset=\u00bbdefault\u00bb global_colors_info=\u00bb{}\u00bb][et_pb_accordion open_toggle_text_color=\u00bb#FFFFFF\u00bb open_toggle_background_color=\u00bbRGBA(255,255,255,0)\u00bb closed_toggle_text_color=\u00bb#FFFFFF\u00bb closed_toggle_background_color=\u00bbRGBA(255,255,255,0)\u00bb toggle_icon=\u00bb&#x4c;||divi||400&#8243; icon_color=\u00bb#ffffff\u00bb use_icon_font_size=\u00bbon\u00bb icon_font_size=\u00bb20px\u00bb _builder_version=\u00bb4.21.0&#8243; _module_preset=\u00bbdefault\u00bb toggle_text_color=\u00bb#FFFFFF\u00bb toggle_font=\u00bbMontserrat|700|||||||\u00bb toggle_font_size=\u00bb16px\u00bb closed_toggle_font=\u00bbMontserrat||||||||\u00bb body_font=\u00bbMontserrat||||||||\u00bb body_text_align=\u00bbleft\u00bb body_text_color=\u00bb#C8B8DD\u00bb background_color=\u00bbRGBA(255,255,255,0)\u00bb text_orientation=\u00bbleft\u00bb global_colors_info=\u00bb{}\u00bb][et_pb_accordion_item title=\u00bb\u00bfTienes preguntas sobre nuestra escuela de danza?\u00bb open=\u00bbon\u00bb open_toggle_background_color=\u00bbRGBA(255,255,255,0)\u00bb closed_toggle_background_color=\u00bbRGBA(255,255,255,0)\u00bb icon_color=\u00bb#FFFFFF\u00bb toggle_icon=\u00bb&#x4c;||divi||400&#8243; _builder_version=\u00bb4.21.0&#8243; _module_preset=\u00bbdefault\u00bb background_color=\u00bbRGBA(255,255,255,0)\u00bb background_enable_color=\u00bbon\u00bb custom_padding=\u00bb3px||30px||false|false\u00bb custom_padding_tablet=\u00bb3px||30px||false|false\u00bb custom_padding_phone=\u00bb3px||15px||false|false\u00bb custom_padding_last_edited=\u00bbon|phone\u00bb border_width_all=\u00bb0px\u00bb border_color_all=\u00bb#49B7B2&#8243; border_style_all=\u00bbdashed\u00bb border_width_bottom=\u00bb1px\u00bb border_color_bottom=\u00bb#C8B8DD\u00bb border_style_bottom=\u00bbsolid\u00bb global_colors_info=\u00bb{}\u00bb]<\/p>\n<p><span>Aqu\u00ed tienes respuestas a algunas de las preguntas m\u00e1s frecuentes que recibimos. Descubre todo lo que nuestra escuela de danza tiene para ofrecerte y sum\u00e9rgete en el maravilloso mundo de la danza.<\/span><\/p>\n<p>[\/et_pb_accordion_item][et_pb_accordion_item title=\u00bb\u00bfCu\u00e1l es la edad m\u00ednima para unirse a la escuela de danza?\u00bb open_toggle_background_color=\u00bbRGBA(255,255,255,0)\u00bb closed_toggle_background_color=\u00bbRGBA(255,255,255,0)\u00bb icon_color=\u00bb#FFFFFF\u00bb toggle_icon=\u00bb&#x4c;||divi||400&#8243; _builder_version=\u00bb4.21.0&#8243; _module_preset=\u00bbdefault\u00bb background_color=\u00bbRGBA(255,255,255,0)\u00bb background_enable_color=\u00bbon\u00bb custom_padding=\u00bb3px||30px||false|false\u00bb custom_padding_tablet=\u00bb3px||30px||false|false\u00bb custom_padding_phone=\u00bb3px||15px||false|false\u00bb custom_padding_last_edited=\u00bbon|phone\u00bb border_width_all=\u00bb0px\u00bb border_color_all=\u00bb#49B7B2&#8243; border_style_all=\u00bbdashed\u00bb border_width_bottom=\u00bb1px\u00bb border_color_bottom=\u00bb#C8B8DD\u00bb border_style_bottom=\u00bbsolid\u00bb global_colors_info=\u00bb{}\u00bb open=\u00bboff\u00bb]<\/p>\n<p><span>Aceptamos estudiantes a partir de los 3 a\u00f1os de edad. Tenemos programas dise\u00f1ados espec\u00edficamente para diferentes grupos de edad, desde ni\u00f1os peque\u00f1os hasta adultos.<\/span><\/p>\n<p>[\/et_pb_accordion_item][et_pb_accordion_item title=\u00bb\u00bfQu\u00e9 estilos de danza se ense\u00f1an en la escuela?\u00bb open_toggle_background_color=\u00bbRGBA(255,255,255,0)\u00bb closed_toggle_background_color=\u00bbRGBA(255,255,255,0)\u00bb icon_color=\u00bb#FFFFFF\u00bb toggle_icon=\u00bb&#x4c;||divi||400&#8243; _builder_version=\u00bb4.21.0&#8243; _module_preset=\u00bbdefault\u00bb background_color=\u00bbRGBA(255,255,255,0)\u00bb background_enable_color=\u00bbon\u00bb custom_padding=\u00bb3px||30px||false|false\u00bb custom_padding_tablet=\u00bb3px||30px||false|false\u00bb custom_padding_phone=\u00bb3px||15px||false|false\u00bb custom_padding_last_edited=\u00bbon|phone\u00bb border_width_all=\u00bb0px\u00bb border_color_all=\u00bb#49B7B2&#8243; border_style_all=\u00bbdashed\u00bb border_width_bottom=\u00bb1px\u00bb border_color_bottom=\u00bb#C8B8DD\u00bb border_style_bottom=\u00bbsolid\u00bb global_colors_info=\u00bb{}\u00bb open=\u00bboff\u00bb]<\/p>\n<p><span>Ofrecemos una amplia variedad de estilos de danza, incluyendo ballet cl\u00e1sico, danza contempor\u00e1nea, jazz, claqu\u00e9, hip hop ydanza creativa. Nuestros estudiantes tienen la oportunidad de explorar diferentes estilos y desarrollar una base s\u00f3lida en la t\u00e9cnica.<\/span><\/p>\n<p>[\/et_pb_accordion_item][et_pb_accordion_item title=\u00bb\u00bfCu\u00e1les son los horarios de las clases?\u00bb open_toggle_background_color=\u00bbRGBA(255,255,255,0)\u00bb closed_toggle_background_color=\u00bbRGBA(255,255,255,0)\u00bb icon_color=\u00bb#FFFFFF\u00bb toggle_icon=\u00bb&#x4c;||divi||400&#8243; _builder_version=\u00bb4.21.0&#8243; _module_preset=\u00bbdefault\u00bb background_color=\u00bbRGBA(255,255,255,0)\u00bb background_enable_color=\u00bbon\u00bb custom_padding=\u00bb3px||30px||false|false\u00bb custom_padding_tablet=\u00bb3px||30px||false|false\u00bb custom_padding_phone=\u00bb3px||15px||false|false\u00bb custom_padding_last_edited=\u00bbon|phone\u00bb border_width_all=\u00bb0px\u00bb border_color_all=\u00bb#49B7B2&#8243; border_style_all=\u00bbdashed\u00bb border_width_bottom=\u00bb1px\u00bb border_color_bottom=\u00bb#C8B8DD\u00bb border_style_bottom=\u00bbsolid\u00bb global_colors_info=\u00bb{}\u00bb open=\u00bboff\u00bb]<\/p>\n<p><span>Nuestro horario de clases var\u00eda seg\u00fan el d\u00eda de la semana y el nivel de habilidad. Ofrecemos clases tanto en la tarde como en la noche para adaptarnos a diferentes horarios. Puedes consultar nuestro calendario de clases para obtener informaci\u00f3n espec\u00edfica.<\/span><\/p>\n<p>[\/et_pb_accordion_item][et_pb_accordion_item title=\u00bb\u00bfSe requiere experiencia previa en danza para unirse a la escuela?\u00bb open_toggle_background_color=\u00bbRGBA(255,255,255,0)\u00bb closed_toggle_background_color=\u00bbRGBA(255,255,255,0)\u00bb icon_color=\u00bb#FFFFFF\u00bb toggle_icon=\u00bb&#x4c;||divi||400&#8243; _builder_version=\u00bb4.21.0&#8243; _module_preset=\u00bbdefault\u00bb background_color=\u00bbRGBA(255,255,255,0)\u00bb background_enable_color=\u00bbon\u00bb custom_padding=\u00bb3px||30px||false|false\u00bb custom_padding_tablet=\u00bb3px||30px||false|false\u00bb custom_padding_phone=\u00bb3px||15px||false|false\u00bb custom_padding_last_edited=\u00bbon|phone\u00bb border_width_all=\u00bb0px\u00bb border_color_all=\u00bb#49B7B2&#8243; border_style_all=\u00bbdashed\u00bb border_width_bottom=\u00bb1px\u00bb border_color_bottom=\u00bb#C8B8DD\u00bb border_style_bottom=\u00bbsolid\u00bb global_colors_info=\u00bb{}\u00bb open=\u00bboff\u00bb]<\/p>\n<p><span>No se requiere experiencia previa en danza. Aceptamos estudiantes de todos los niveles, desde principiantes hasta avanzados. Nuestros programas est\u00e1n dise\u00f1ados para ayudar a los estudiantes a desarrollar sus habilidades y progresar en su t\u00e9cnica, sin importar su nivel de experiencia.<\/span><\/p>\n<p>[\/et_pb_accordion_item][et_pb_accordion_item title=\u00bb\u00bfHay oportunidades de presentaci\u00f3n y actuaci\u00f3n?\u00bb open_toggle_background_color=\u00bbRGBA(255,255,255,0)\u00bb closed_toggle_background_color=\u00bbRGBA(255,255,255,0)\u00bb icon_color=\u00bb#FFFFFF\u00bb toggle_icon=\u00bb&#x4c;||divi||400&#8243; _builder_version=\u00bb4.21.0&#8243; _module_preset=\u00bbdefault\u00bb background_color=\u00bbRGBA(255,255,255,0)\u00bb background_enable_color=\u00bbon\u00bb custom_padding=\u00bb3px||30px||false|false\u00bb custom_padding_tablet=\u00bb3px||30px||false|false\u00bb custom_padding_phone=\u00bb3px||15px||false|false\u00bb custom_padding_last_edited=\u00bbon|phone\u00bb border_width_all=\u00bb0px\u00bb border_color_all=\u00bb#49B7B2&#8243; border_style_all=\u00bbdashed\u00bb border_width_bottom=\u00bb1px\u00bb border_color_bottom=\u00bb#C8B8DD\u00bb border_style_bottom=\u00bbsolid\u00bb global_colors_info=\u00bb{}\u00bb open=\u00bboff\u00bb]<\/p>\n<p><span> S\u00ed, ofrecemos oportunidades de presentaci\u00f3n y actuaci\u00f3n a nuestros estudiantes. Organizamos espect\u00e1culos anuales donde los estudiantes tienen la oportunidad de mostrar su talento en el escenario. Adem\u00e1s, participamos en eventos y competiciones de danza a nivel local e internacional.<\/span><\/p>\n<p>[\/et_pb_accordion_item][et_pb_accordion_item title=\u00bb\u00bfCu\u00e1l es el tama\u00f1o de las clases?\u00bb open_toggle_background_color=\u00bbRGBA(255,255,255,0)\u00bb closed_toggle_background_color=\u00bbRGBA(255,255,255,0)\u00bb icon_color=\u00bb#FFFFFF\u00bb toggle_icon=\u00bb&#x4c;||divi||400&#8243; _builder_version=\u00bb4.21.0&#8243; _module_preset=\u00bbdefault\u00bb background_color=\u00bbRGBA(255,255,255,0)\u00bb background_enable_color=\u00bbon\u00bb custom_padding=\u00bb3px||30px||false|false\u00bb custom_padding_tablet=\u00bb3px||30px||false|false\u00bb custom_padding_phone=\u00bb3px||15px||false|false\u00bb custom_padding_last_edited=\u00bbon|phone\u00bb border_width_all=\u00bb0px\u00bb border_color_all=\u00bb#49B7B2&#8243; border_style_all=\u00bbdashed\u00bb border_width_bottom=\u00bb1px\u00bb border_color_bottom=\u00bb#C8B8DD\u00bb border_style_bottom=\u00bbsolid\u00bb global_colors_info=\u00bb{}\u00bb open=\u00bboff\u00bb]<\/p>\n<p><span> Mantenemos un tama\u00f1o de clase reducido para garantizar una atenci\u00f3n individualizada y un ambiente de aprendizaje \u00f3ptimo. El tama\u00f1o de las clases var\u00eda seg\u00fan el estilo de danza y el nivel, pero en general, procuramos mantener grupos peque\u00f1os para brindar una experiencia de calidad.<\/span><\/p>\n<p>[\/et_pb_accordion_item][et_pb_accordion_item title=\u00bb\u00bfCu\u00e1l es la duraci\u00f3n de las clases?\u00bb open_toggle_background_color=\u00bbRGBA(255,255,255,0)\u00bb closed_toggle_background_color=\u00bbRGBA(255,255,255,0)\u00bb icon_color=\u00bb#FFFFFF\u00bb toggle_icon=\u00bb&#x4c;||divi||400&#8243; _builder_version=\u00bb4.21.0&#8243; _module_preset=\u00bbdefault\u00bb background_color=\u00bbRGBA(255,255,255,0)\u00bb background_enable_color=\u00bbon\u00bb custom_padding=\u00bb3px||30px||false|false\u00bb custom_padding_tablet=\u00bb3px||30px||false|false\u00bb custom_padding_phone=\u00bb3px||15px||false|false\u00bb custom_padding_last_edited=\u00bbon|phone\u00bb border_width_all=\u00bb0px\u00bb border_color_all=\u00bb#49B7B2&#8243; border_style_all=\u00bbdashed\u00bb border_width_bottom=\u00bb1px\u00bb border_color_bottom=\u00bb#C8B8DD\u00bb border_style_bottom=\u00bbsolid\u00bb global_colors_info=\u00bb{}\u00bb open=\u00bboff\u00bb]<\/p>\n<p><span>La duraci\u00f3n de nuestras clases var\u00eda seg\u00fan el nivel y el estilo de danza. En general, las clases pueden durar entre 50 minutos y 1 hora.<\/span><\/p>\n<p>[\/et_pb_accordion_item][et_pb_accordion_item title=\u00bb\u00bfHay programas especiales para estudiantes avanzados o interesados en una carrera profesional en danza?\u00bb open_toggle_background_color=\u00bbRGBA(255,255,255,0)\u00bb closed_toggle_background_color=\u00bbRGBA(255,255,255,0)\u00bb icon_color=\u00bb#FFFFFF\u00bb toggle_icon=\u00bb&#x4c;||divi||400&#8243; _builder_version=\u00bb4.21.0&#8243; _module_preset=\u00bbdefault\u00bb background_color=\u00bbRGBA(255,255,255,0)\u00bb background_enable_color=\u00bbon\u00bb custom_padding=\u00bb3px||30px||false|false\u00bb custom_padding_tablet=\u00bb3px||30px||false|false\u00bb custom_padding_phone=\u00bb3px||15px||false|false\u00bb custom_padding_last_edited=\u00bbon|phone\u00bb border_width_all=\u00bb0px\u00bb border_color_all=\u00bb#49B7B2&#8243; border_style_all=\u00bbdashed\u00bb border_width_bottom=\u00bb1px\u00bb border_color_bottom=\u00bb#C8B8DD\u00bb border_style_bottom=\u00bbsolid\u00bb global_colors_info=\u00bb{}\u00bb open=\u00bboff\u00bb]<\/p>\n<p><span>S\u00ed, ofrecemos programas especiales para estudiantes avanzados que deseen llevar su formaci\u00f3n de danza a un nivel profesional. Estos programas brindan un enfoque intensivo en la t\u00e9cnica y el rendimiento, preparando a los estudiantes para audiciones y oportunidades profesionales.<\/span><\/p>\n<p>[\/et_pb_accordion_item][et_pb_accordion_item title=\u00bb\u00bfOfrecen clases para adultos?\u00bb open_toggle_background_color=\u00bbRGBA(255,255,255,0)\u00bb closed_toggle_background_color=\u00bbRGBA(255,255,255,0)\u00bb icon_color=\u00bb#FFFFFF\u00bb toggle_icon=\u00bb&#x4c;||divi||400&#8243; _builder_version=\u00bb4.21.0&#8243; _module_preset=\u00bbdefault\u00bb background_color=\u00bbRGBA(255,255,255,0)\u00bb background_enable_color=\u00bbon\u00bb custom_padding=\u00bb3px||30px||false|false\u00bb custom_padding_tablet=\u00bb3px||30px||false|false\u00bb custom_padding_phone=\u00bb3px||15px||false|false\u00bb custom_padding_last_edited=\u00bbon|phone\u00bb border_width_all=\u00bb0px\u00bb border_color_all=\u00bb#49B7B2&#8243; border_style_all=\u00bbdashed\u00bb border_width_bottom=\u00bb1px\u00bb border_color_bottom=\u00bb#C8B8DD\u00bb border_style_bottom=\u00bbsolid\u00bb global_colors_info=\u00bb{}\u00bb open=\u00bboff\u00bb]<\/p>\n<p><span>S\u00ed, tenemos clases espec\u00edficas para adultos que deseen aprender o retomar la danza. Estas clases se adaptan a las necesidades y habilidades de los adultos, brindando un ambiente acogedor y de apoyo.<\/span><\/p>\n<p>[\/et_pb_accordion_item][et_pb_accordion_item title=\u00bb\u00bfEs posible programar una visita o una clase de prueba?\u00bb open_toggle_background_color=\u00bbRGBA(255,255,255,0)\u00bb closed_toggle_background_color=\u00bbRGBA(255,255,255,0)\u00bb icon_color=\u00bb#FFFFFF\u00bb toggle_icon=\u00bb&#x4c;||divi||400&#8243; _builder_version=\u00bb4.21.0&#8243; _module_preset=\u00bbdefault\u00bb background_color=\u00bbRGBA(255,255,255,0)\u00bb background_enable_color=\u00bbon\u00bb custom_padding=\u00bb3px||30px||false|false\u00bb custom_padding_tablet=\u00bb3px||30px||false|false\u00bb custom_padding_phone=\u00bb3px||15px||false|false\u00bb custom_padding_last_edited=\u00bbon|phone\u00bb border_width_all=\u00bb0px\u00bb border_color_all=\u00bb#49B7B2&#8243; border_style_all=\u00bbdashed\u00bb border_width_bottom=\u00bb1px\u00bb border_color_bottom=\u00bb#C8B8DD\u00bb border_style_bottom=\u00bbsolid\u00bb global_colors_info=\u00bb{}\u00bb open=\u00bboff\u00bb]<\/p>\n<p><span>S\u00ed, ofrecemos la opci\u00f3n de programar una visita a nuestras instalaciones y, en algunos casos, una clase de prueba para que puedas conocer mejor nuestra escuela y determinar si es el lugar adecuado para ti.<\/span><\/p>\n<p>[\/et_pb_accordion_item][\/et_pb_accordion][\/et_pb_column][\/et_pb_row][\/et_pb_section]<\/p>\n","protected":false},"excerpt":{"rendered":"<p>Blog<div class=\"et_pb_module dipi_blog_slider dipi_blog_slider_0\">\n\t\t\t\t\n\t\t\t\t\n\t\t\t\t\n\t\t\t\t\n\t\t\t\t\n\t\t\t\t\n\t\t\t\t<div class=\"et_pb_module_inner\">\n\t\t\t\t\t\n\t\t    <div class=\"dipi-blog-slider-main preloading\" \n\t\t    data-columnsphone=\"1\"\n\t\t    data-columnstablet=\"2\"\n\t\t    data-columnsdesktop=\"4\"\n\t\t    data-spacebetween=\"50\"\n\t\t    data-loop=\"\u00bbon\u00bb\"\n\t\t    data-speed=\"500\"\n\t\t    data-navigation=\"\u00bbon\u00bb\"\n\t\t    data-pagination=\"\u00bbon\u00bb\"\n\t\t    data-autoplay=\"\u00bbon\u00bb\"\n\t\t    data-autoplayspeed=\"5000\"\n\t\t    data-pauseonhover=\"on\"\n\t\t    data-effect=\"slide\"\n\t\t    data-rotate=\"50\"\n\t\t    data-dynamicbullets=\"on\"\n\t\t    data-ordernumber=\"0\"\n\t\t    data-centered=\"\u00bbon\u00bb\"\n\t\t    data-spacebetween_tablet=\"50\"\n\t\t    data-spacebetween_phone=\"50\"\n\t\t    data-shadow=\"true\">\n\t\t        <div class=\"swiper-container\">\n\t\t            <div class=\"dipi-blog-slider-wrapper\">\n\t\t                <div class=\"dipi-blog-post clearfix category-uncategorized\">\n<div class=\"dipi-entry-featured-image-url dipi-\u00bbzoomin\u00bb\">\n\n\t\t<a    \n        class=\"dipi-blog-post-overlay-link\"\n        href=\"https:\/\/dansamontserrat.com\/ca\/2025\/08\/06\/matricula-abierta-curso-2025-26\/\"\n        target=\"\"\n        aria-label=\"MATR\u00cdCULA ABIERTA CURSO 2025-26\"\n    ><\/a>\n\t\n    <div class=\"dipi-blog-post-overlay\">\n            <\/div>\n\n    \n<\/div><div class=\"dipi-date\">\n        \n        <span class=\"dipi-month\">ag.<\/span>\n        <span class=\"dipi-day\">06<\/span>\n        <span class=\"dipi-year\">2025<\/span>\n    \n    <\/div><div class=\"dipi-post-content\">\n    <h2 class=\"dipi-entry-title\">\n        <a href=\"https:\/\/dansamontserrat.com\/ca\/2025\/08\/06\/matricula-abierta-curso-2025-26\/\" \n        target=\"\"\n        aria-label=\"MATR\u00cdCULA ABIERTA CURSO 2025-26\"\n    >\n            MATR\u00cdCULA ABIERTA CURSO 2025-26        <\/a>\n    <\/h2>    <div class=\"dipi-post-text\">\n<\/div>\n    <\/div><!-- dipi-post-content --><\/div><!-- dipi-blog-post -->\n\n\t\t            <\/div>\n\t\t        <\/div>\n\t\t        \n\t\t        <div class=\"swiper-container-horizontal\">\n\t\t            \n\t\t        <\/div>\n\t\t    <\/div>\n\t\t\t\t<\/div>\n\t\t\t<\/div><\/p>","protected":false},"author":1,"featured_media":0,"parent":0,"menu_order":0,"comment_status":"closed","ping_status":"closed","template":"","meta":{"_acf_changed":false,"_et_pb_use_builder":"on","_et_pb_old_content":"","_et_gb_content_width":"","footnotes":""},"dipi_cpt_category":[],"class_list":["post-52","page","type-page","status-publish","hentry"],"acf":[],"_links":{"self":[{"href":"https:\/\/dansamontserrat.com\/ca\/wp-json\/wp\/v2\/pages\/52","targetHints":{"allow":["GET"]}}],"collection":[{"href":"https:\/\/dansamontserrat.com\/ca\/wp-json\/wp\/v2\/pages"}],"about":[{"href":"https:\/\/dansamontserrat.com\/ca\/wp-json\/wp\/v2\/types\/page"}],"author":[{"embeddable":true,"href":"https:\/\/dansamontserrat.com\/ca\/wp-json\/wp\/v2\/users\/1"}],"replies":[{"embeddable":true,"href":"https:\/\/dansamontserrat.com\/ca\/wp-json\/wp\/v2\/comments?post=52"}],"version-history":[{"count":12,"href":"https:\/\/dansamontserrat.com\/ca\/wp-json\/wp\/v2\/pages\/52\/revisions"}],"predecessor-version":[{"id":71848,"href":"https:\/\/dansamontserrat.com\/ca\/wp-json\/wp\/v2\/pages\/52\/revisions\/71848"}],"wp:attachment":[{"href":"https:\/\/dansamontserrat.com\/ca\/wp-json\/wp\/v2\/media?parent=52"}],"wp:term":[{"taxonomy":"dipi_cpt_category","embeddable":true,"href":"https:\/\/dansamontserrat.com\/ca\/wp-json\/wp\/v2\/dipi_cpt_category?post=52"}],"curies":[{"name":"wp","href":"https:\/\/api.w.org\/{rel}","templated":true}]}}